{"id":9,"date":"2015-04-20T12:49:41","date_gmt":"2015-04-20T11:49:41","guid":{"rendered":"http:\/\/www.fetedufromage.be\/2015\/?page_id=9"},"modified":"2023-06-21T15:13:27","modified_gmt":"2023-06-21T14:13:27","slug":"fromages","status":"publish","type":"page","link":"https:\/\/www.fetedufromage.be\/nl\/fromages\/","title":{"rendered":"Kazen"},"content":{"rendered":"<p><\/p>\n<div id=\"from_part_1\">\n<h2>Een aanbod van meer dan 250 kazen&#8230;<\/h2>\n<p>Het kazenfeest is een unieke kans om Waalse en andere kazen te (her)ontdekken. Een aanbod van meer dan 250 kazen door een dertigtal producenten, allen met maar \u00e9\u00e9n doel: presentatie van traditionele producten van goede kwaliteit.<\/p>\n<\/div>\n<div id=\"from_part_3\">\n<div>\n<h2>Waalse kazenwedstrijd<\/h2>\n<p style=\"text-align: justify;\"><img id=\"img_float_left_3\" class=\" alignleft\" src=\"https:\/\/fetedufromage.be\/images\/csfw.jpg\" alt=\"\" width=\"250\" \/>Het Comit\u00e9 \u201cSteun de Waalse Kazen\u201d organiseert jaarlijks de Waalse Kazenwedstrijd. Het doel is om de Waalse kaasproducenten meer erkenning en bekendheid te geven. Een jury zal de beste kazen selecteren in vastgestelde categorie\u00ebn. Op basis van deze selectie, presenteren journalisten vervolgens een artikel over \u201cde lekkerste kaas\u201d in de pers. De &#8220;Speciale Grote\u00a0Provincie Prijs&#8221; zal worden toegekend aan \u00e9\u00e9n van de geselecteerde kazen. Op dezelfde manier zullen de aanwezige chefkoks de \u201cheerlijkste kaas volgens de grote chefkoks\u201d kiezen.<\/p>\n<\/div>\n<\/div>\n<p><\/p>","protected":false},"excerpt":{"rendered":"<p>Een aanbod van meer dan 250 kazen&#8230; Het kazenfeest is een unieke kans om Waalse en andere kazen te (her)ontdekken. Een aanbod van meer dan 250 kazen door een dertigtal producenten, allen met maar \u00e9\u00e9n doel: presentatie van traditionele producten van goede kwaliteit. Waalse kazenwedstrijd Het Comit\u00e9 \u201cSteun de Waalse\u2026<\/p>\n<p> <a class=\"continue-reading-link\" href=\"https:\/\/www.fetedufromage.be\/nl\/fromages\/\"><span>Meer lezen<\/span><i class=\"crycon-right-dir\"><\/i><\/a> <\/p>\n","protected":false},"author":1,"featured_media":0,"parent":0,"menu_order":0,"comment_status":"closed","ping_status":"open","template":"","meta":{"ngg_post_thumbnail":0},"yoast_head":"<!-- This site is optimized with the Yoast SEO plugin v14.3 - https:\/\/yoast.com\/wordpress\/plugins\/seo\/ -->\n<title>Kazen - Kazenfeest<\/title>\n<meta name=\"robots\" content=\"index, follow\" \/>\n<meta name=\"googlebot\" content=\"index, follow, max-snippet:-1, max-image-preview:large, max-video-preview:-1\" \/>\n<meta name=\"bingbot\" content=\"index, follow, max-snippet:-1, max-image-preview:large, max-video-preview:-1\" \/>\n<link rel=\"canonical\" href=\"https:\/\/www.fetedufromage.be\/fromages\/\" \/>\n<meta property=\"og:locale\" content=\"nl_NL\" \/>\n<meta property=\"og:type\" content=\"article\" \/>\n<meta property=\"og:title\" content=\"Kazen - Kazenfeest\" \/>\n<meta property=\"og:description\" content=\"Een aanbod van meer dan 250 kazen&#8230; Het kazenfeest is een unieke kans om Waalse en andere kazen te (her)ontdekken. Een aanbod van meer dan 250 kazen door een dertigtal producenten, allen met maar \u00e9\u00e9n doel: presentatie van traditionele producten van goede kwaliteit. Waalse kazenwedstrijd Het Comit\u00e9 \u201cSteun de Waalse\u2026 Meer lezen\" \/>\n<meta property=\"og:url\" content=\"https:\/\/www.fetedufromage.be\/fromages\/\" \/>\n<meta property=\"og:site_name\" content=\"Kazenfeest\" \/>\n<meta property=\"article:modified_time\" content=\"2023-06-21T14:13:27+00:00\" \/>\n<meta property=\"og:image\" content=\"https:\/\/fetedufromage.be\/images\/csfw.jpg\" \/>\n<meta name=\"twitter:card\" content=\"summary\" \/>\n<script type=\"application\/ld+json\" class=\"yoast-schema-graph\">{\"@context\":\"https:\/\/schema.org\",\"@graph\":[{\"@type\":\"WebSite\",\"@id\":\"https:\/\/www.fetedufromage.be\/nl\/#website\",\"url\":\"https:\/\/www.fetedufromage.be\/nl\/\",\"name\":\"Kazenfeest\",\"description\":\"\",\"potentialAction\":[{\"@type\":\"SearchAction\",\"target\":\"https:\/\/www.fetedufromage.be\/nl\/?s={search_term_string}\",\"query-input\":\"required name=search_term_string\"}],\"inLanguage\":\"nl\"},{\"@type\":\"ImageObject\",\"@id\":\"https:\/\/www.fetedufromage.be\/fromages\/#primaryimage\",\"inLanguage\":\"nl\",\"url\":\"https:\/\/fetedufromage.be\/images\/csfw.jpg\"},{\"@type\":\"WebPage\",\"@id\":\"https:\/\/www.fetedufromage.be\/fromages\/#webpage\",\"url\":\"https:\/\/www.fetedufromage.be\/fromages\/\",\"name\":\"Kazen - Kazenfeest\",\"isPartOf\":{\"@id\":\"https:\/\/www.fetedufromage.be\/nl\/#website\"},\"primaryImageOfPage\":{\"@id\":\"https:\/\/www.fetedufromage.be\/fromages\/#primaryimage\"},\"datePublished\":\"2015-04-20T11:49:41+00:00\",\"dateModified\":\"2023-06-21T14:13:27+00:00\",\"inLanguage\":\"nl\",\"potentialAction\":[{\"@type\":\"ReadAction\",\"target\":[\"https:\/\/www.fetedufromage.be\/fromages\/\"]}]}]}<\/script>\n<!-- \/ Yoast SEO plugin. -->","_links":{"self":[{"href":"https:\/\/www.fetedufromage.be\/nl\/wp-json\/wp\/v2\/pages\/9"}],"collection":[{"href":"https:\/\/www.fetedufromage.be\/nl\/wp-json\/wp\/v2\/pages"}],"about":[{"href":"https:\/\/www.fetedufromage.be\/nl\/wp-json\/wp\/v2\/types\/page"}],"author":[{"embeddable":true,"href":"https:\/\/www.fetedufromage.be\/nl\/wp-json\/wp\/v2\/users\/1"}],"replies":[{"embeddable":true,"href":"https:\/\/www.fetedufromage.be\/nl\/wp-json\/wp\/v2\/comments?post=9"}],"version-history":[{"count":60,"href":"https:\/\/www.fetedufromage.be\/nl\/wp-json\/wp\/v2\/pages\/9\/revisions"}],"predecessor-version":[{"id":3093,"href":"https:\/\/www.fetedufromage.be\/nl\/wp-json\/wp\/v2\/pages\/9\/revisions\/3093"}],"wp:attachment":[{"href":"https:\/\/www.fetedufromage.be\/nl\/wp-json\/wp\/v2\/media?parent=9"}],"curies":[{"name":"wp","href":"https:\/\/api.w.org\/{rel}","templated":true}]}}