{"id":2597,"date":"2021-08-05T12:48:25","date_gmt":"2021-08-05T11:48:25","guid":{"rendered":"https:\/\/www.fetedufromage.be\/?page_id=2597"},"modified":"2021-08-17T11:07:20","modified_gmt":"2021-08-17T10:07:20","slug":"le-neufchatel-aop-normandie-hote-dhonneur-2021","status":"publish","type":"page","link":"https:\/\/www.fetedufromage.be\/nl\/le-neufchatel-aop-normandie-hote-dhonneur-2021\/","title":{"rendered":"(Fran\u00e7ais) Le Neufch\u00e2tel (AOP &#8211; Normandie) h\u00f4te d&#8217;honneur 2021"},"content":{"rendered":"<p class=\"qtranxs-available-languages-message qtranxs-available-languages-message-nl\">Onze verontschuldigingen, dit bericht is alleen beschikbaar in <a href=\"https:\/\/www.fetedufromage.be\/fr\/wp-json\/wp\/v2\/pages\/2597\" class=\"qtranxs-available-language-link qtranxs-available-language-link-fr\" title=\"Fran\u00e7ais\">Frans<\/a>.<\/p>","protected":false},"excerpt":{"rendered":"<p>Onze verontschuldigingen, dit bericht is alleen beschikbaar in Frans.<\/p>\n<p> <a class=\"continue-reading-link\" href=\"https:\/\/www.fetedufromage.be\/nl\/le-neufchatel-aop-normandie-hote-dhonneur-2021\/\"><span>Meer lezen<\/span><i class=\"crycon-right-dir\"><\/i><\/a> <\/p>\n","protected":false},"author":1,"featured_media":0,"parent":0,"menu_order":0,"comment_status":"closed","ping_status":"closed","template":"","meta":{"ngg_post_thumbnail":0},"yoast_head":"<!-- This site is optimized with the Yoast SEO plugin v14.3 - https:\/\/yoast.com\/wordpress\/plugins\/seo\/ -->\n<title>(Fran\u00e7ais) Le Neufch\u00e2tel (AOP - Normandie) h\u00f4te d&#039;honneur 2021 - Kazenfeest<\/title>\n<meta name=\"robots\" content=\"index, follow\" \/>\n<meta name=\"googlebot\" content=\"index, follow, max-snippet:-1, max-image-preview:large, max-video-preview:-1\" \/>\n<meta name=\"bingbot\" content=\"index, follow, max-snippet:-1, max-image-preview:large, max-video-preview:-1\" \/>\n<link rel=\"canonical\" href=\"https:\/\/www.fetedufromage.be\/le-neufchatel-aop-normandie-hote-dhonneur-2021\/\" \/>\n<meta property=\"og:locale\" content=\"nl_NL\" \/>\n<meta property=\"og:type\" content=\"article\" \/>\n<meta property=\"og:title\" content=\"(Fran\u00e7ais) Le Neufch\u00e2tel (AOP - Normandie) h\u00f4te d&#039;honneur 2021 - Kazenfeest\" \/>\n<meta property=\"og:description\" content=\"Onze verontschuldigingen, dit bericht is alleen beschikbaar in Frans. Meer lezen\" \/>\n<meta property=\"og:url\" content=\"https:\/\/www.fetedufromage.be\/le-neufchatel-aop-normandie-hote-dhonneur-2021\/\" \/>\n<meta property=\"og:site_name\" content=\"Kazenfeest\" \/>\n<meta property=\"article:modified_time\" content=\"2021-08-17T10:07:20+00:00\" \/>\n<meta property=\"og:image\" content=\"https:\/\/www.fetedufromage.be\/wp-content\/uploads\/2021\/08\/neufchatel-aop-300x205.jpg\" \/>\n<meta name=\"twitter:card\" content=\"summary\" \/>\n<script type=\"application\/ld+json\" class=\"yoast-schema-graph\">{\"@context\":\"https:\/\/schema.org\",\"@graph\":[{\"@type\":\"WebSite\",\"@id\":\"https:\/\/www.fetedufromage.be\/nl\/#website\",\"url\":\"https:\/\/www.fetedufromage.be\/nl\/\",\"name\":\"Kazenfeest\",\"description\":\"\",\"potentialAction\":[{\"@type\":\"SearchAction\",\"target\":\"https:\/\/www.fetedufromage.be\/nl\/?s={search_term_string}\",\"query-input\":\"required name=search_term_string\"}],\"inLanguage\":\"nl\"},{\"@type\":\"ImageObject\",\"@id\":\"https:\/\/www.fetedufromage.be\/le-neufchatel-aop-normandie-hote-dhonneur-2021\/#primaryimage\",\"inLanguage\":\"nl\",\"url\":\"https:\/\/www.fetedufromage.be\/wp-content\/uploads\/2021\/08\/neufchatel-aop.jpg\",\"width\":840,\"height\":573,\"caption\":\"\\u00a9 AOP FROMAGES DE NORMANDIE\"},{\"@type\":\"WebPage\",\"@id\":\"https:\/\/www.fetedufromage.be\/le-neufchatel-aop-normandie-hote-dhonneur-2021\/#webpage\",\"url\":\"https:\/\/www.fetedufromage.be\/le-neufchatel-aop-normandie-hote-dhonneur-2021\/\",\"name\":\"(Fran\\u00e7ais) Le Neufch\\u00e2tel (AOP - Normandie) h\\u00f4te d'honneur 2021 - Kazenfeest\",\"isPartOf\":{\"@id\":\"https:\/\/www.fetedufromage.be\/nl\/#website\"},\"primaryImageOfPage\":{\"@id\":\"https:\/\/www.fetedufromage.be\/le-neufchatel-aop-normandie-hote-dhonneur-2021\/#primaryimage\"},\"datePublished\":\"2021-08-05T11:48:25+00:00\",\"dateModified\":\"2021-08-17T10:07:20+00:00\",\"inLanguage\":\"nl\",\"potentialAction\":[{\"@type\":\"ReadAction\",\"target\":[\"https:\/\/www.fetedufromage.be\/le-neufchatel-aop-normandie-hote-dhonneur-2021\/\"]}]}]}<\/script>\n<!-- \/ Yoast SEO plugin. -->","_links":{"self":[{"href":"https:\/\/www.fetedufromage.be\/nl\/wp-json\/wp\/v2\/pages\/2597"}],"collection":[{"href":"https:\/\/www.fetedufromage.be\/nl\/wp-json\/wp\/v2\/pages"}],"about":[{"href":"https:\/\/www.fetedufromage.be\/nl\/wp-json\/wp\/v2\/types\/page"}],"author":[{"embeddable":true,"href":"https:\/\/www.fetedufromage.be\/nl\/wp-json\/wp\/v2\/users\/1"}],"replies":[{"embeddable":true,"href":"https:\/\/www.fetedufromage.be\/nl\/wp-json\/wp\/v2\/comments?post=2597"}],"version-history":[{"count":4,"href":"https:\/\/www.fetedufromage.be\/nl\/wp-json\/wp\/v2\/pages\/2597\/revisions"}],"predecessor-version":[{"id":2611,"href":"https:\/\/www.fetedufromage.be\/nl\/wp-json\/wp\/v2\/pages\/2597\/revisions\/2611"}],"wp:attachment":[{"href":"https:\/\/www.fetedufromage.be\/nl\/wp-json\/wp\/v2\/media?parent=2597"}],"curies":[{"name":"wp","href":"https:\/\/api.w.org\/{rel}","templated":true}]}}