{"id":2076,"date":"2018-05-29T09:00:04","date_gmt":"2018-05-29T08:00:04","guid":{"rendered":"http:\/\/www.fetedufromage.be\/?page_id=2076"},"modified":"2018-05-29T15:33:53","modified_gmt":"2018-05-29T14:33:53","slug":"mentions-legales-et-politique-de-confidentialite","status":"publish","type":"page","link":"https:\/\/www.fetedufromage.be\/nl\/mentions-legales-et-politique-de-confidentialite\/","title":{"rendered":"(Fran\u00e7ais) Mentions l\u00e9gales et politique de confidentialit\u00e9"},"content":{"rendered":"<p class=\"qtranxs-available-languages-message qtranxs-available-languages-message-nl\">Onze verontschuldigingen, dit bericht is alleen beschikbaar in <a href=\"https:\/\/www.fetedufromage.be\/fr\/wp-json\/wp\/v2\/pages\/2076\" class=\"qtranxs-available-language-link qtranxs-available-language-link-fr\" title=\"Fran\u00e7ais\">Frans<\/a>.<\/p>","protected":false},"excerpt":{"rendered":"<p>Onze verontschuldigingen, dit bericht is alleen beschikbaar in Frans.<\/p>\n<p> <a class=\"continue-reading-link\" href=\"https:\/\/www.fetedufromage.be\/nl\/mentions-legales-et-politique-de-confidentialite\/\"><span>Meer lezen<\/span><i class=\"crycon-right-dir\"><\/i><\/a> <\/p>\n","protected":false},"author":1,"featured_media":0,"parent":0,"menu_order":0,"comment_status":"closed","ping_status":"closed","template":"","meta":{"ngg_post_thumbnail":0},"yoast_head":"<!-- This site is optimized with the Yoast SEO plugin v14.3 - https:\/\/yoast.com\/wordpress\/plugins\/seo\/ -->\n<title>(Fran\u00e7ais) Mentions l\u00e9gales et politique de confidentialit\u00e9 - Kazenfeest<\/title>\n<meta name=\"robots\" content=\"index, follow\" \/>\n<meta name=\"googlebot\" content=\"index, follow, max-snippet:-1, max-image-preview:large, max-video-preview:-1\" \/>\n<meta name=\"bingbot\" content=\"index, follow, max-snippet:-1, max-image-preview:large, max-video-preview:-1\" \/>\n<link rel=\"canonical\" href=\"https:\/\/www.fetedufromage.be\/de\/mentions-legales-et-politique-de-confidentialite\/\" \/>\n<meta property=\"og:locale\" content=\"nl_NL\" \/>\n<meta property=\"og:type\" content=\"article\" \/>\n<meta property=\"og:title\" content=\"(Fran\u00e7ais) Mentions l\u00e9gales et politique de confidentialit\u00e9 - Kazenfeest\" \/>\n<meta property=\"og:description\" content=\"Onze verontschuldigingen, dit bericht is alleen beschikbaar in Frans. Meer lezen\" \/>\n<meta property=\"og:url\" content=\"https:\/\/www.fetedufromage.be\/de\/mentions-legales-et-politique-de-confidentialite\/\" \/>\n<meta property=\"og:site_name\" content=\"Kazenfeest\" \/>\n<meta property=\"article:modified_time\" content=\"2018-05-29T14:33:53+00:00\" \/>\n<meta name=\"twitter:card\" content=\"summary\" \/>\n<script type=\"application\/ld+json\" class=\"yoast-schema-graph\">{\"@context\":\"https:\/\/schema.org\",\"@graph\":[{\"@type\":\"WebSite\",\"@id\":\"https:\/\/www.fetedufromage.be\/nl\/#website\",\"url\":\"https:\/\/www.fetedufromage.be\/nl\/\",\"name\":\"Kazenfeest\",\"description\":\"\",\"potentialAction\":[{\"@type\":\"SearchAction\",\"target\":\"https:\/\/www.fetedufromage.be\/nl\/?s={search_term_string}\",\"query-input\":\"required name=search_term_string\"}],\"inLanguage\":\"nl\"},{\"@type\":\"WebPage\",\"@id\":\"https:\/\/www.fetedufromage.be\/de\/mentions-legales-et-politique-de-confidentialite\/#webpage\",\"url\":\"https:\/\/www.fetedufromage.be\/de\/mentions-legales-et-politique-de-confidentialite\/\",\"name\":\"(Fran\\u00e7ais) Mentions l\\u00e9gales et politique de confidentialit\\u00e9 - Kazenfeest\",\"isPartOf\":{\"@id\":\"https:\/\/www.fetedufromage.be\/nl\/#website\"},\"datePublished\":\"2018-05-29T08:00:04+00:00\",\"dateModified\":\"2018-05-29T14:33:53+00:00\",\"inLanguage\":\"nl\",\"potentialAction\":[{\"@type\":\"ReadAction\",\"target\":[\"https:\/\/www.fetedufromage.be\/de\/mentions-legales-et-politique-de-confidentialite\/\"]}]}]}<\/script>\n<!-- \/ Yoast SEO plugin. -->","_links":{"self":[{"href":"https:\/\/www.fetedufromage.be\/nl\/wp-json\/wp\/v2\/pages\/2076"}],"collection":[{"href":"https:\/\/www.fetedufromage.be\/nl\/wp-json\/wp\/v2\/pages"}],"about":[{"href":"https:\/\/www.fetedufromage.be\/nl\/wp-json\/wp\/v2\/types\/page"}],"author":[{"embeddable":true,"href":"https:\/\/www.fetedufromage.be\/nl\/wp-json\/wp\/v2\/users\/1"}],"replies":[{"embeddable":true,"href":"https:\/\/www.fetedufromage.be\/nl\/wp-json\/wp\/v2\/comments?post=2076"}],"version-history":[{"count":3,"href":"https:\/\/www.fetedufromage.be\/nl\/wp-json\/wp\/v2\/pages\/2076\/revisions"}],"predecessor-version":[{"id":2096,"href":"https:\/\/www.fetedufromage.be\/nl\/wp-json\/wp\/v2\/pages\/2076\/revisions\/2096"}],"wp:attachment":[{"href":"https:\/\/www.fetedufromage.be\/nl\/wp-json\/wp\/v2\/media?parent=2076"}],"curies":[{"name":"wp","href":"https:\/\/api.w.org\/{rel}","templated":true}]}}