{"id":9,"date":"2015-04-20T12:49:41","date_gmt":"2015-04-20T11:49:41","guid":{"rendered":"http:\/\/www.fetedufromage.be\/2015\/?page_id=9"},"modified":"2023-06-21T15:13:27","modified_gmt":"2023-06-21T14:13:27","slug":"fromages","status":"publish","type":"page","link":"https:\/\/www.fetedufromage.be\/de\/fromages\/","title":{"rendered":"K\u00e4se"},"content":{"rendered":"<p><\/p>\n<div id=\"from_part_1\">\n<h2>Ein Angebot von mehr als 250 K\u00e4sesorten<\/h2>\n<p>Das K\u00e4sefest in Harz\u00e9 ist eine einmalige Gelegenheit die K\u00e4sesorten der Wallonie oder aus der Umgebung (neu) kennen zu lernen. Mehr als 30 K\u00e4sehersteller stellen ein Angebot von \u00fcber 250 K\u00e4sesorten vor mit einem Ziel: Vorstellung regionale Produkte grosser Qualit\u00e4t.<\/p>\n<\/div>\n<div id=\"from_part_3\">\n<div>\n<h2>Wettbewerb der Wallonischen K\u00e4se<\/h2>\n<p><img id=\"img_float_left_3\" class=\" alignleft\" src=\"https:\/\/www.fetedufromage.be\/images\/csfw.jpg\" alt=\"\" width=\"250\" \/>Das Komitee \u201eSoutien des Fromages de Wallonie\u201c organisiert die Wahl des &#8222;Wallonischen K\u00e4ses&#8220;. Eine Jury w\u00e4hlt die besten K\u00e4se aus verschiedenen Kategorien aus. Darunter w\u00e4hlen dann die Presse ihre Gewinner aus. Einer dieser K\u00e4se erh\u00e4lt ausserdem den Spezialpreis der Provinz L\u00fcttich. Einige K\u00fcchenchefs w\u00e4hlen ebenfalls ihren Gewinner.<\/p>\n<\/div>\n<\/div>\n<div><\/div>\n<div><\/div>\n<div><\/div>\n<div>\n<h3><\/h3>\n<\/div>\n<p><\/p>","protected":false},"excerpt":{"rendered":"<p>Ein Angebot von mehr als 250 K\u00e4sesorten Das K\u00e4sefest in Harz\u00e9 ist eine einmalige Gelegenheit die K\u00e4sesorten der Wallonie oder aus der Umgebung (neu) kennen zu lernen. Mehr als 30 K\u00e4sehersteller stellen ein Angebot von \u00fcber 250 K\u00e4sesorten vor mit einem Ziel: Vorstellung regionale Produkte grosser Qualit\u00e4t. Wettbewerb der Wallonischen\u2026<\/p>\n<p> <a class=\"continue-reading-link\" href=\"https:\/\/www.fetedufromage.be\/de\/fromages\/\"><span>Weiterlesen<\/span><i class=\"crycon-right-dir\"><\/i><\/a> <\/p>\n","protected":false},"author":1,"featured_media":0,"parent":0,"menu_order":0,"comment_status":"closed","ping_status":"open","template":"","meta":{"ngg_post_thumbnail":0},"yoast_head":"<!-- This site is optimized with the Yoast SEO plugin v14.3 - https:\/\/yoast.com\/wordpress\/plugins\/seo\/ -->\n<title>K\u00e4se - K\u00e4sefest<\/title>\n<meta name=\"robots\" content=\"index, follow\" \/>\n<meta name=\"googlebot\" content=\"index, follow, max-snippet:-1, max-image-preview:large, max-video-preview:-1\" \/>\n<meta name=\"bingbot\" content=\"index, follow, max-snippet:-1, max-image-preview:large, max-video-preview:-1\" \/>\n<link rel=\"canonical\" href=\"https:\/\/www.fetedufromage.be\/fromages\/\" \/>\n<meta property=\"og:locale\" content=\"de_DE\" \/>\n<meta property=\"og:type\" content=\"article\" \/>\n<meta property=\"og:title\" content=\"K\u00e4se - K\u00e4sefest\" \/>\n<meta property=\"og:description\" content=\"Ein Angebot von mehr als 250 K\u00e4sesorten Das K\u00e4sefest in Harz\u00e9 ist eine einmalige Gelegenheit die K\u00e4sesorten der Wallonie oder aus der Umgebung (neu) kennen zu lernen. Mehr als 30 K\u00e4sehersteller stellen ein Angebot von \u00fcber 250 K\u00e4sesorten vor mit einem Ziel: Vorstellung regionale Produkte grosser Qualit\u00e4t. Wettbewerb der Wallonischen\u2026 Weiterlesen\" \/>\n<meta property=\"og:url\" content=\"https:\/\/www.fetedufromage.be\/fromages\/\" \/>\n<meta property=\"og:site_name\" content=\"K\u00e4sefest\" \/>\n<meta property=\"article:modified_time\" content=\"2023-06-21T14:13:27+00:00\" \/>\n<meta property=\"og:image\" content=\"https:\/\/fetedufromage.be\/images\/csfw.jpg\" \/>\n<meta name=\"twitter:card\" content=\"summary\" \/>\n<script type=\"application\/ld+json\" class=\"yoast-schema-graph\">{\"@context\":\"https:\/\/schema.org\",\"@graph\":[{\"@type\":\"WebSite\",\"@id\":\"https:\/\/www.fetedufromage.be\/de\/#website\",\"url\":\"https:\/\/www.fetedufromage.be\/de\/\",\"name\":\"K\\u00e4sefest\",\"description\":\"\",\"potentialAction\":[{\"@type\":\"SearchAction\",\"target\":\"https:\/\/www.fetedufromage.be\/de\/?s={search_term_string}\",\"query-input\":\"required name=search_term_string\"}],\"inLanguage\":\"de\"},{\"@type\":\"ImageObject\",\"@id\":\"https:\/\/www.fetedufromage.be\/fromages\/#primaryimage\",\"inLanguage\":\"de\",\"url\":\"https:\/\/fetedufromage.be\/images\/csfw.jpg\"},{\"@type\":\"WebPage\",\"@id\":\"https:\/\/www.fetedufromage.be\/fromages\/#webpage\",\"url\":\"https:\/\/www.fetedufromage.be\/fromages\/\",\"name\":\"K\\u00e4se - K\\u00e4sefest\",\"isPartOf\":{\"@id\":\"https:\/\/www.fetedufromage.be\/de\/#website\"},\"primaryImageOfPage\":{\"@id\":\"https:\/\/www.fetedufromage.be\/fromages\/#primaryimage\"},\"datePublished\":\"2015-04-20T11:49:41+00:00\",\"dateModified\":\"2023-06-21T14:13:27+00:00\",\"inLanguage\":\"de\",\"potentialAction\":[{\"@type\":\"ReadAction\",\"target\":[\"https:\/\/www.fetedufromage.be\/fromages\/\"]}]}]}<\/script>\n<!-- \/ Yoast SEO plugin. -->","_links":{"self":[{"href":"https:\/\/www.fetedufromage.be\/de\/wp-json\/wp\/v2\/pages\/9"}],"collection":[{"href":"https:\/\/www.fetedufromage.be\/de\/wp-json\/wp\/v2\/pages"}],"about":[{"href":"https:\/\/www.fetedufromage.be\/de\/wp-json\/wp\/v2\/types\/page"}],"author":[{"embeddable":true,"href":"https:\/\/www.fetedufromage.be\/de\/wp-json\/wp\/v2\/users\/1"}],"replies":[{"embeddable":true,"href":"https:\/\/www.fetedufromage.be\/de\/wp-json\/wp\/v2\/comments?post=9"}],"version-history":[{"count":60,"href":"https:\/\/www.fetedufromage.be\/de\/wp-json\/wp\/v2\/pages\/9\/revisions"}],"predecessor-version":[{"id":3093,"href":"https:\/\/www.fetedufromage.be\/de\/wp-json\/wp\/v2\/pages\/9\/revisions\/3093"}],"wp:attachment":[{"href":"https:\/\/www.fetedufromage.be\/de\/wp-json\/wp\/v2\/media?parent=9"}],"curies":[{"name":"wp","href":"https:\/\/api.w.org\/{rel}","templated":true}]}}