{"id":7,"date":"2015-04-20T12:40:14","date_gmt":"2015-04-20T11:40:14","guid":{"rendered":"http:\/\/www.fetedufromage.be\/2015\/?page_id=7"},"modified":"2025-08-07T15:24:55","modified_gmt":"2025-08-07T14:24:55","slug":"programme","status":"publish","type":"page","link":"https:\/\/www.fetedufromage.be\/de\/programme\/","title":{"rendered":"Programm"},"content":{"rendered":"<p><\/p>\n<h2>Samstag, 23. August 2025<\/h2>\n<p>14 Uhr:&nbsp; \u00d6ffnung der K\u00e4sest\u00e4nde<\/p>\n<p>15Uhr:&nbsp; &nbsp;Offizielle Er\u00f6ffnung des K\u00e4sefestes.<\/p>\n<p>Feierliche Aufnahmen in die Bruderschaft des Herver K\u00e4ses<\/p>\n<p>16 Uhr:&nbsp; Konzert&nbsp;\u00ab<a href=\"http:\/\/www.echosaywaille.be\/\">Echos d&#8217;Aywaille<\/a>\u00bb<\/p>\n<p>19 Uhr:&nbsp; Schliessung der K\u00e4sest\u00e4nde.<\/p>\n<p>21 Uhr: &#8222;Bayrischer Abend&#8220;<\/p>\n<p><span style=\"color: #444444; font-family: inherit; font-size: 2.3855em;\">Sonntag, 25. August 2024<\/span><\/p>\n<p>12 Uhr:&nbsp; \u00d6ffnung der K\u00e4sest\u00e4nde.<\/p>\n<p>15 Uhr:&nbsp; K\u00e4sewettbewerb: Ernennung des &#8222;Lieblingsk\u00e4se der Gastronomen&#8220; et Verleihnung des Spezialpreises der&nbsp; &nbsp; &nbsp; &nbsp; &nbsp; &nbsp; &nbsp; &nbsp; &nbsp; &nbsp; Provinz L\u00fcttich.<\/p>\n<p>Feierliche Aufnahme in die Brudrschaft &#8222;Commanderie des Costes du Rh\u00f4ne&#8220;<\/p>\n<p>20 Uhr: Ende des Festivit\u00e4ten<\/p>\n<h2>Das ganze Wochenende<\/h2>\n<p>Bar und Imbiss.&nbsp;H\u00fcpfburg.<\/p>\n<h4>K\u00e4sebretter<\/h4>\n<p>Gewinnen Sie w\u00e4hrend des ganzen Wochenendes K\u00e4sebretter.<\/p>\n<h4>Feierliche Ernennungen der Bruderschaften<\/h4>\n<p>Das K\u00e4sefest ist die B\u00fchne f\u00fcr mehrere feierliche Ernennungen verschiedener Bruderschaften.<\/p>\n<p>&nbsp;<\/p>","protected":false},"excerpt":{"rendered":"<p>Samstag, 23. August 2025 14 Uhr:&nbsp; \u00d6ffnung der K\u00e4sest\u00e4nde 15Uhr:&nbsp; &nbsp;Offizielle Er\u00f6ffnung des K\u00e4sefestes. Feierliche Aufnahmen in die Bruderschaft des Herver K\u00e4ses 16 Uhr:&nbsp; Konzert&nbsp;\u00abEchos d&#8217;Aywaille\u00bb 19 Uhr:&nbsp; Schliessung der K\u00e4sest\u00e4nde. 21 Uhr: &#8222;Bayrischer Abend&#8220; Sonntag, 25. August 2024 12 Uhr:&nbsp; \u00d6ffnung der K\u00e4sest\u00e4nde. 15 Uhr:&nbsp; K\u00e4sewettbewerb: Ernennung des &#8222;Lieblingsk\u00e4se\u2026<\/p>\n<p> <a class=\"continue-reading-link\" href=\"https:\/\/www.fetedufromage.be\/de\/programme\/\"><span>Weiterlesen<\/span><i class=\"crycon-right-dir\"><\/i><\/a> <\/p>\n","protected":false},"author":1,"featured_media":0,"parent":0,"menu_order":0,"comment_status":"closed","ping_status":"open","template":"","meta":{"ngg_post_thumbnail":0},"yoast_head":"<!-- This site is optimized with the Yoast SEO plugin v14.3 - https:\/\/yoast.com\/wordpress\/plugins\/seo\/ -->\n<title>Programm - K\u00e4sefest<\/title>\n<meta name=\"robots\" content=\"index, follow\" \/>\n<meta name=\"googlebot\" content=\"index, follow, max-snippet:-1, max-image-preview:large, max-video-preview:-1\" \/>\n<meta name=\"bingbot\" content=\"index, follow, max-snippet:-1, max-image-preview:large, max-video-preview:-1\" \/>\n<link rel=\"canonical\" href=\"https:\/\/www.fetedufromage.be\/programme\/\" \/>\n<meta property=\"og:locale\" content=\"de_DE\" \/>\n<meta property=\"og:type\" content=\"article\" \/>\n<meta property=\"og:title\" content=\"Programm - K\u00e4sefest\" \/>\n<meta property=\"og:description\" content=\"Samstag, 23. August 2025 14 Uhr:&nbsp; \u00d6ffnung der K\u00e4sest\u00e4nde 15Uhr:&nbsp; &nbsp;Offizielle Er\u00f6ffnung des K\u00e4sefestes. Feierliche Aufnahmen in die Bruderschaft des Herver K\u00e4ses 16 Uhr:&nbsp; Konzert&nbsp;\u00abEchos d&#8217;Aywaille\u00bb 19 Uhr:&nbsp; Schliessung der K\u00e4sest\u00e4nde. 21 Uhr: &#8222;Bayrischer Abend&#8220; Sonntag, 25. August 2024 12 Uhr:&nbsp; \u00d6ffnung der K\u00e4sest\u00e4nde. 15 Uhr:&nbsp; K\u00e4sewettbewerb: Ernennung des &#8222;Lieblingsk\u00e4se\u2026 Weiterlesen\" \/>\n<meta property=\"og:url\" content=\"https:\/\/www.fetedufromage.be\/programme\/\" \/>\n<meta property=\"og:site_name\" content=\"K\u00e4sefest\" \/>\n<meta property=\"article:modified_time\" content=\"2025-08-07T14:24:55+00:00\" \/>\n<meta name=\"twitter:card\" content=\"summary\" \/>\n<script type=\"application\/ld+json\" class=\"yoast-schema-graph\">{\"@context\":\"https:\/\/schema.org\",\"@graph\":[{\"@type\":\"WebSite\",\"@id\":\"https:\/\/www.fetedufromage.be\/de\/#website\",\"url\":\"https:\/\/www.fetedufromage.be\/de\/\",\"name\":\"K\\u00e4sefest\",\"description\":\"\",\"potentialAction\":[{\"@type\":\"SearchAction\",\"target\":\"https:\/\/www.fetedufromage.be\/de\/?s={search_term_string}\",\"query-input\":\"required name=search_term_string\"}],\"inLanguage\":\"de\"},{\"@type\":\"WebPage\",\"@id\":\"https:\/\/www.fetedufromage.be\/programme\/#webpage\",\"url\":\"https:\/\/www.fetedufromage.be\/programme\/\",\"name\":\"Programm - K\\u00e4sefest\",\"isPartOf\":{\"@id\":\"https:\/\/www.fetedufromage.be\/de\/#website\"},\"datePublished\":\"2015-04-20T11:40:14+00:00\",\"dateModified\":\"2025-08-07T14:24:55+00:00\",\"inLanguage\":\"de\",\"potentialAction\":[{\"@type\":\"ReadAction\",\"target\":[\"https:\/\/www.fetedufromage.be\/programme\/\"]}]}]}<\/script>\n<!-- \/ Yoast SEO plugin. -->","_links":{"self":[{"href":"https:\/\/www.fetedufromage.be\/de\/wp-json\/wp\/v2\/pages\/7"}],"collection":[{"href":"https:\/\/www.fetedufromage.be\/de\/wp-json\/wp\/v2\/pages"}],"about":[{"href":"https:\/\/www.fetedufromage.be\/de\/wp-json\/wp\/v2\/types\/page"}],"author":[{"embeddable":true,"href":"https:\/\/www.fetedufromage.be\/de\/wp-json\/wp\/v2\/users\/1"}],"replies":[{"embeddable":true,"href":"https:\/\/www.fetedufromage.be\/de\/wp-json\/wp\/v2\/comments?post=7"}],"version-history":[{"count":130,"href":"https:\/\/www.fetedufromage.be\/de\/wp-json\/wp\/v2\/pages\/7\/revisions"}],"predecessor-version":[{"id":3548,"href":"https:\/\/www.fetedufromage.be\/de\/wp-json\/wp\/v2\/pages\/7\/revisions\/3548"}],"wp:attachment":[{"href":"https:\/\/www.fetedufromage.be\/de\/wp-json\/wp\/v2\/media?parent=7"}],"curies":[{"name":"wp","href":"https:\/\/api.w.org\/{rel}","templated":true}]}}