{"id":590,"date":"2015-05-12T13:55:53","date_gmt":"2015-05-12T12:55:53","guid":{"rendered":"http:\/\/www.fetedufromage.be\/?page_id=590"},"modified":"2020-01-31T10:03:46","modified_gmt":"2020-01-31T09:03:46","slug":"acces","status":"publish","type":"page","link":"https:\/\/www.fetedufromage.be\/de\/acces\/","title":{"rendered":"Anfahrt"},"content":{"rendered":"<p><\/p>\n<h3>Schloss von Harz\u00e9<\/h3>\n<p>Rue de Bastogne 1, 4920 Harz\u00e9-Aywaille<\/p>\n<h4>Mit dem Zug\u00a0:<\/h4>\n<p>Bahnhof von Aywaille in 5 km Entfernung<br \/>\nWeitere Informationen auf\u00a0<a href=\"http:\/\/www.belgianrail.be\/de\/Default.aspx\" target=\"_blank\" rel=\"noopener noreferrer\">der Webseite der NMBS\/SNCB.<\/a><\/p>\n<h4>Mit dem Bus\u00a0:<\/h4>\n<p><b>Linie 727\u00a0:<\/b> <a href=\"http:\/\/www.infotec.be\/Medeplacer\/Horaires\/Ligne.aspx?ligne=L727&amp;titre=727%20Verviers%20-%20Banneux%20-%20Aywaille%20-%20Houssonloge\">Verviers-Banneux-Aywaille-Houssonloge. <\/a><br \/>\n<b>Haltestelle :<\/b> Harz\u00e9 Ch\u00e2teau (Schloss)<\/p>\n<p><b>Linie 265 : <\/b><a href=\"http:\/\/www.infotec.be\/Medeplacer\/Horaires\/Ligne.aspx?ligne=L265&amp;titre=65b%20Aywaille%20-%20Lierneux%20-%20Verleumont\">Aywaille-Lierneux-Verleumont <\/a><br \/>\n<b>Haltestelle\u00a0: <\/b>Harz\u00e9 Ch\u00e2teau (Schloss)<\/p>\n<h4>Mit Covoit\u2019stop\u00a0:<\/h4>\n<p>Covoit\u2019stop ist ein Projekt f\u00fcr organisierten Autostop, bei dem sich alle teilnehmenden Fu\u00dfg\u00e4nger und Autofahrer in eine Datenbank einschreiben. Dieses System ist erg\u00e4nzend zu den \u00f6ffentlichen Verkehrsmitteln, um z. B. eine Bushaltestelle oder einen Bahnhof zu erreichen. Es gibt keinerlei vorherige Absprachen zwischen den Teilnehmern.<\/p>\n<p>Informationen und Einschreibungen auf\u00a0<a href=\"http:\/\/www.covoitstop.be\/inscription\/\">www.covoitstop.be<\/a><\/p>\n<p><iframe style=\"border: 0;\" src=\"https:\/\/www.google.com\/maps\/embed?pb=!1m14!1m8!1m3!1d20325.069652386792!2d5.6390543!3d50.4479231!3m2!1i1024!2i768!4f13.1!3m3!1m2!1s0x0%3A0xdf02f07fcc2c4c67!2sChateau+De+Harze!5e0!3m2!1sde!2sbe!4v1429709350519\" width=\"100%\" height=\"400\" frameborder=\"0\"><\/iframe><\/p>","protected":false},"excerpt":{"rendered":"<p>Schloss von Harz\u00e9 Rue de Bastogne 1, 4920 Harz\u00e9-Aywaille Mit dem Zug\u00a0: Bahnhof von Aywaille in 5 km Entfernung Weitere Informationen auf\u00a0der Webseite der NMBS\/SNCB. Mit dem Bus\u00a0: Linie 727\u00a0: Verviers-Banneux-Aywaille-Houssonloge. Haltestelle : Harz\u00e9 Ch\u00e2teau (Schloss) Linie 265 : Aywaille-Lierneux-Verleumont Haltestelle\u00a0: Harz\u00e9 Ch\u00e2teau (Schloss) Mit Covoit\u2019stop\u00a0: Covoit\u2019stop ist ein Projekt\u2026<\/p>\n<p> <a class=\"continue-reading-link\" href=\"https:\/\/www.fetedufromage.be\/de\/acces\/\"><span>Weiterlesen<\/span><i class=\"crycon-right-dir\"><\/i><\/a> <\/p>\n","protected":false},"author":1,"featured_media":0,"parent":0,"menu_order":0,"comment_status":"closed","ping_status":"open","template":"","meta":{"ngg_post_thumbnail":0},"yoast_head":"<!-- This site is optimized with the Yoast SEO plugin v14.3 - https:\/\/yoast.com\/wordpress\/plugins\/seo\/ -->\n<title>Anfahrt - K\u00e4sefest<\/title>\n<meta name=\"robots\" content=\"index, follow\" \/>\n<meta name=\"googlebot\" content=\"index, follow, max-snippet:-1, max-image-preview:large, max-video-preview:-1\" \/>\n<meta name=\"bingbot\" content=\"index, follow, max-snippet:-1, max-image-preview:large, max-video-preview:-1\" \/>\n<link rel=\"canonical\" href=\"https:\/\/www.fetedufromage.be\/de\/acces\/\" \/>\n<meta property=\"og:locale\" content=\"de_DE\" \/>\n<meta property=\"og:type\" content=\"article\" \/>\n<meta property=\"og:title\" content=\"Anfahrt - K\u00e4sefest\" \/>\n<meta property=\"og:description\" content=\"Schloss von Harz\u00e9 Rue de Bastogne 1, 4920 Harz\u00e9-Aywaille Mit dem Zug\u00a0: Bahnhof von Aywaille in 5 km Entfernung Weitere Informationen auf\u00a0der Webseite der NMBS\/SNCB. Mit dem Bus\u00a0: Linie 727\u00a0: Verviers-Banneux-Aywaille-Houssonloge. Haltestelle : Harz\u00e9 Ch\u00e2teau (Schloss) Linie 265 : Aywaille-Lierneux-Verleumont Haltestelle\u00a0: Harz\u00e9 Ch\u00e2teau (Schloss) Mit Covoit\u2019stop\u00a0: Covoit\u2019stop ist ein Projekt\u2026 Weiterlesen\" \/>\n<meta property=\"og:url\" content=\"https:\/\/www.fetedufromage.be\/de\/acces\/\" \/>\n<meta property=\"og:site_name\" content=\"K\u00e4sefest\" \/>\n<meta property=\"article:modified_time\" content=\"2020-01-31T09:03:46+00:00\" \/>\n<meta name=\"twitter:card\" content=\"summary\" \/>\n<script type=\"application\/ld+json\" class=\"yoast-schema-graph\">{\"@context\":\"https:\/\/schema.org\",\"@graph\":[{\"@type\":\"WebSite\",\"@id\":\"https:\/\/www.fetedufromage.be\/de\/#website\",\"url\":\"https:\/\/www.fetedufromage.be\/de\/\",\"name\":\"K\\u00e4sefest\",\"description\":\"\",\"potentialAction\":[{\"@type\":\"SearchAction\",\"target\":\"https:\/\/www.fetedufromage.be\/de\/?s={search_term_string}\",\"query-input\":\"required name=search_term_string\"}],\"inLanguage\":\"de\"},{\"@type\":\"WebPage\",\"@id\":\"https:\/\/www.fetedufromage.be\/de\/acces\/#webpage\",\"url\":\"https:\/\/www.fetedufromage.be\/de\/acces\/\",\"name\":\"Anfahrt - K\\u00e4sefest\",\"isPartOf\":{\"@id\":\"https:\/\/www.fetedufromage.be\/de\/#website\"},\"datePublished\":\"2015-05-12T12:55:53+00:00\",\"dateModified\":\"2020-01-31T09:03:46+00:00\",\"inLanguage\":\"de\",\"potentialAction\":[{\"@type\":\"ReadAction\",\"target\":[\"https:\/\/www.fetedufromage.be\/de\/acces\/\"]}]}]}<\/script>\n<!-- \/ Yoast SEO plugin. -->","_links":{"self":[{"href":"https:\/\/www.fetedufromage.be\/de\/wp-json\/wp\/v2\/pages\/590"}],"collection":[{"href":"https:\/\/www.fetedufromage.be\/de\/wp-json\/wp\/v2\/pages"}],"about":[{"href":"https:\/\/www.fetedufromage.be\/de\/wp-json\/wp\/v2\/types\/page"}],"author":[{"embeddable":true,"href":"https:\/\/www.fetedufromage.be\/de\/wp-json\/wp\/v2\/users\/1"}],"replies":[{"embeddable":true,"href":"https:\/\/www.fetedufromage.be\/de\/wp-json\/wp\/v2\/comments?post=590"}],"version-history":[{"count":7,"href":"https:\/\/www.fetedufromage.be\/de\/wp-json\/wp\/v2\/pages\/590\/revisions"}],"predecessor-version":[{"id":2543,"href":"https:\/\/www.fetedufromage.be\/de\/wp-json\/wp\/v2\/pages\/590\/revisions\/2543"}],"wp:attachment":[{"href":"https:\/\/www.fetedufromage.be\/de\/wp-json\/wp\/v2\/media?parent=590"}],"curies":[{"name":"wp","href":"https:\/\/api.w.org\/{rel}","templated":true}]}}