{"id":3115,"date":"2023-08-07T11:19:05","date_gmt":"2023-08-07T10:19:05","guid":{"rendered":"https:\/\/www.fetedufromage.be\/?page_id=3115"},"modified":"2023-08-18T09:00:55","modified_gmt":"2023-08-18T08:00:55","slug":"hote-dhonneur-2023-boeren-leyden-traditionnel","status":"publish","type":"page","link":"https:\/\/www.fetedufromage.be\/de\/hote-dhonneur-2023-boeren-leyden-traditionnel\/","title":{"rendered":"2023 &#8211; BoerenLeyden"},"content":{"rendered":"<p>Der K\u00e4se \u00ab&nbsp;<strong>BoerenLeyden<\/strong>&nbsp;\u00bb wird auf dem Baurnhof <strong>\u00ab&nbsp;De Sophiahoeve&nbsp;\u00bb<\/strong> in Warmond in den Niederlanden hergestellt. <a href=\"https:\/\/desophiahoeve.nl\/\">https:\/\/desophiahoeve.nl\/<\/a><\/p>\n<p><u>Das Dorf Warmond<\/u> (wo sich die Molkerei befindet) ligt 44 km von der Stadt Gouda und 5 km von der Stadt Leiden entfernt, im Westen der Niederlande.<\/p>\n<p>Im 17. Jahrhundert mussten alle, die in den Torfmooren rund um Gouda K\u00e4se herstellten in die Stadt reisen, wo es eine \u00f6ffentliche Waage gab. Hier wurde der K\u00e4se gewogen um die Steuern zu bezahlen&nbsp;: Der Name Gouda-K\u00e4se war geboren&nbsp;!<\/p>\n<p><u>Die Molkerei \u00ab&nbsp;De Sophiahoeve&nbsp;\u00bb<\/u> h\u00e4lt Blaarkop-K\u00fche, die \u00e4lteste Kuhrasse der Niederlande. Mit der Milch dieser K\u00fche stellt man den besten K\u00e4se und ausgezeichnete Butter her.<\/p>\n<p>Heute stellt die 12. Generation derselben Familien den <strong>BoerenLeyden-K\u00e4se<\/strong> mit K\u00fcmmel<\/p>\n<p><a href=\"https:\/\/www.fetedufromage.be\/wp-content\/uploads\/2023\/08\/Image1.jpg\"><img loading=\"lazy\" class=\" wp-image-3118 alignright\" src=\"https:\/\/www.fetedufromage.be\/wp-content\/uploads\/2023\/08\/Image1-150x150.jpg\" alt=\"\" width=\"270\" height=\"270\"><\/a><\/p>\n<p>Seit den Anf\u00e4ngen im Jahr 1615 hat sich das Rezept auf dem Bauernhof nie ver\u00e4ndert&nbsp;: <strong>BoerenLeyden-Traditioneel<\/strong> ist ein handwerklich hergestellter K\u00fcmmelhartk\u00e4se mit wenig Salz und einem leichten Hauch von Bitterkeit. Er hat einen vollmundigen, kr\u00e4ftigen und einzigartigen Geschmack. Er wird nach einem urspr\u00fcnglichen Rezept aus Rohmilch hergestellt. Nach einem langen Reifeprozess erhalten die besten K\u00e4se das Label <strong>BoerenLeyden-Traditioneel<\/strong>.<\/p>\n<p>Der Familienbetrieb stellt ebenfalls den K\u00e4se <strong>\u00ab&nbsp;Warmerdammer&nbsp;30+&nbsp;\u00bb<\/strong> (ohne K\u00fcmmel) und <strong>Butter <\/strong>her. Diese aus Rohmilch hergestellte Butter wurde bereits mehrfach ausgezeichnet.<\/p>\n<p>Der BoerenLeyden-K\u00e4se gewinnt jedes Jahr bei regionalen oder nationalen Wettbewerben verschiedene Preise.<\/p>\n<p><u>Die Farbe der Rinde<\/u><\/p>\n<p>Die Rinde von Gouda-K\u00e4se ist gelb. Die Rinde des <strong>\u00ab<\/strong>&nbsp;<strong>BoerenLeyden-K\u00e4se&nbsp;\u00bb<\/strong> ist dagegen rot. Urspr\u00fcnglich wurde sie mit Annatto-Samen gef\u00e4rbt (ein Farbstoff ,der von den Indianern in Lateinamerika verwendet wurde). Heute wird der K\u00e4se mit einem rotbraunen K\u00e4secoating ummantelt.<\/p>\n<p><a href=\"https:\/\/www.fetedufromage.be\/wp-content\/uploads\/2023\/08\/Image2.jpg\"><img loading=\"lazy\" class=\"alignnone  wp-image-3120\" src=\"https:\/\/www.fetedufromage.be\/wp-content\/uploads\/2023\/08\/Image2-150x150.jpg\" alt=\"\" width=\"475\" height=\"475\"><\/a><\/p>","protected":false},"excerpt":{"rendered":"<p>Der K\u00e4se \u00ab&nbsp;BoerenLeyden&nbsp;\u00bb wird auf dem Baurnhof \u00ab&nbsp;De Sophiahoeve&nbsp;\u00bb in Warmond in den Niederlanden hergestellt. https:\/\/desophiahoeve.nl\/ Das Dorf Warmond (wo sich die Molkerei befindet) ligt 44 km von der Stadt Gouda und 5 km von der Stadt Leiden entfernt, im Westen der Niederlande. Im 17. Jahrhundert mussten alle, die in\u2026<\/p>\n<p> <a class=\"continue-reading-link\" href=\"https:\/\/www.fetedufromage.be\/de\/hote-dhonneur-2023-boeren-leyden-traditionnel\/\"><span>Weiterlesen<\/span><i class=\"crycon-right-dir\"><\/i><\/a> <\/p>\n","protected":false},"author":6,"featured_media":0,"parent":0,"menu_order":0,"comment_status":"closed","ping_status":"closed","template":"","meta":{"ngg_post_thumbnail":0},"yoast_head":"<!-- This site is optimized with the Yoast SEO plugin v14.3 - https:\/\/yoast.com\/wordpress\/plugins\/seo\/ -->\n<title>2023 - BoerenLeyden - K\u00e4sefest<\/title>\n<meta name=\"robots\" content=\"index, follow\" \/>\n<meta name=\"googlebot\" content=\"index, follow, max-snippet:-1, max-image-preview:large, max-video-preview:-1\" \/>\n<meta name=\"bingbot\" content=\"index, follow, max-snippet:-1, max-image-preview:large, max-video-preview:-1\" \/>\n<link rel=\"canonical\" href=\"https:\/\/www.fetedufromage.be\/hote-dhonneur-2023-boeren-leyden-traditionnel\/\" \/>\n<meta property=\"og:locale\" content=\"de_DE\" \/>\n<meta property=\"og:type\" content=\"article\" \/>\n<meta property=\"og:title\" content=\"2023 - BoerenLeyden - K\u00e4sefest\" \/>\n<meta property=\"og:description\" content=\"Der K\u00e4se \u00ab&nbsp;BoerenLeyden&nbsp;\u00bb wird auf dem Baurnhof \u00ab&nbsp;De Sophiahoeve&nbsp;\u00bb in Warmond in den Niederlanden hergestellt. https:\/\/desophiahoeve.nl\/ Das Dorf Warmond (wo sich die Molkerei befindet) ligt 44 km von der Stadt Gouda und 5 km von der Stadt Leiden entfernt, im Westen der Niederlande. Im 17. Jahrhundert mussten alle, die in\u2026 Weiterlesen\" \/>\n<meta property=\"og:url\" content=\"https:\/\/www.fetedufromage.be\/hote-dhonneur-2023-boeren-leyden-traditionnel\/\" \/>\n<meta property=\"og:site_name\" content=\"K\u00e4sefest\" \/>\n<meta property=\"article:modified_time\" content=\"2023-08-18T08:00:55+00:00\" \/>\n<meta property=\"og:image\" content=\"https:\/\/www.fetedufromage.be\/wp-content\/uploads\/2023\/08\/Image1-300x287.jpg\" \/>\n<meta name=\"twitter:card\" content=\"summary\" \/>\n<script type=\"application\/ld+json\" class=\"yoast-schema-graph\">{\"@context\":\"https:\/\/schema.org\",\"@graph\":[{\"@type\":\"WebSite\",\"@id\":\"https:\/\/www.fetedufromage.be\/de\/#website\",\"url\":\"https:\/\/www.fetedufromage.be\/de\/\",\"name\":\"K\\u00e4sefest\",\"description\":\"\",\"potentialAction\":[{\"@type\":\"SearchAction\",\"target\":\"https:\/\/www.fetedufromage.be\/de\/?s={search_term_string}\",\"query-input\":\"required name=search_term_string\"}],\"inLanguage\":\"de\"},{\"@type\":\"ImageObject\",\"@id\":\"https:\/\/www.fetedufromage.be\/hote-dhonneur-2023-boeren-leyden-traditionnel\/#primaryimage\",\"inLanguage\":\"de\",\"url\":\"https:\/\/www.fetedufromage.be\/wp-content\/uploads\/2023\/08\/Image1.jpg\",\"width\":548,\"height\":525},{\"@type\":\"WebPage\",\"@id\":\"https:\/\/www.fetedufromage.be\/hote-dhonneur-2023-boeren-leyden-traditionnel\/#webpage\",\"url\":\"https:\/\/www.fetedufromage.be\/hote-dhonneur-2023-boeren-leyden-traditionnel\/\",\"name\":\"2023 - BoerenLeyden - K\\u00e4sefest\",\"isPartOf\":{\"@id\":\"https:\/\/www.fetedufromage.be\/de\/#website\"},\"primaryImageOfPage\":{\"@id\":\"https:\/\/www.fetedufromage.be\/hote-dhonneur-2023-boeren-leyden-traditionnel\/#primaryimage\"},\"datePublished\":\"2023-08-07T10:19:05+00:00\",\"dateModified\":\"2023-08-18T08:00:55+00:00\",\"inLanguage\":\"de\",\"potentialAction\":[{\"@type\":\"ReadAction\",\"target\":[\"https:\/\/www.fetedufromage.be\/hote-dhonneur-2023-boeren-leyden-traditionnel\/\"]}]}]}<\/script>\n<!-- \/ Yoast SEO plugin. -->","_links":{"self":[{"href":"https:\/\/www.fetedufromage.be\/de\/wp-json\/wp\/v2\/pages\/3115"}],"collection":[{"href":"https:\/\/www.fetedufromage.be\/de\/wp-json\/wp\/v2\/pages"}],"about":[{"href":"https:\/\/www.fetedufromage.be\/de\/wp-json\/wp\/v2\/types\/page"}],"author":[{"embeddable":true,"href":"https:\/\/www.fetedufromage.be\/de\/wp-json\/wp\/v2\/users\/6"}],"replies":[{"embeddable":true,"href":"https:\/\/www.fetedufromage.be\/de\/wp-json\/wp\/v2\/comments?post=3115"}],"version-history":[{"count":10,"href":"https:\/\/www.fetedufromage.be\/de\/wp-json\/wp\/v2\/pages\/3115\/revisions"}],"predecessor-version":[{"id":3156,"href":"https:\/\/www.fetedufromage.be\/de\/wp-json\/wp\/v2\/pages\/3115\/revisions\/3156"}],"wp:attachment":[{"href":"https:\/\/www.fetedufromage.be\/de\/wp-json\/wp\/v2\/media?parent=3115"}],"curies":[{"name":"wp","href":"https:\/\/api.w.org\/{rel}","templated":true}]}}