{"id":2410,"date":"2019-07-30T14:08:25","date_gmt":"2019-07-30T13:08:25","guid":{"rendered":"https:\/\/www.fetedufromage.be\/?page_id=2410"},"modified":"2019-08-04T14:59:50","modified_gmt":"2019-08-04T13:59:50","slug":"le-camembert-de-normandie-hote-dhonneur-2019","status":"publish","type":"page","link":"https:\/\/www.fetedufromage.be\/de\/le-camembert-de-normandie-hote-dhonneur-2019\/","title":{"rendered":"Der Camembert aus der Normandie: Ehrengast 2019"},"content":{"rendered":"<p><\/p>\n<h2>Vorstellung<\/h2>\n<p><img loading=\"lazy\" class=\"alignleft size-full wp-image-2412\" src=\"https:\/\/www.fetedufromage.be\/wp-content\/uploads\/2019\/07\/camembert-300px.jpg\" alt=\"Camembert\" width=\"300\" height=\"300\" srcset=\"https:\/\/www.fetedufromage.be\/wp-content\/uploads\/2019\/07\/camembert-300px.jpg 300w, https:\/\/www.fetedufromage.be\/wp-content\/uploads\/2019\/07\/camembert-300px-150x150.jpg 150w\" sizes=\"(max-width: 300px) 100vw, 300px\" \/>Der Camembert aus der Normandie ist ein franz\u00f6sischer K\u00e4se der seit 1983 das Label AOC tr\u00e4gt (franz\u00f6sisch f\u00fcr kontrollierte Herkunftsbezeichnung).<\/p>\n<p>Der Camembert aus der Normandie ist ein Weichk\u00e4se mit wei\u00dfer Edelschimmelrinde. Er wird aus Rohmilch von K\u00fchen der Normandie hergestellt, die mahr als 6 Monate im Jahr auf der Weide leben.<br \/>\nDer Camembert wird aus einem schwach zerteilten K\u00e4sebruch in f\u00fcnf aufeinanderfolgenden Schichten \u00a0(mit einer Ruhezeit zwischen jeder Schicht) geformt und abgetropft .<\/p>\n<p>Der K\u00e4se hat eine 3 cm dicke zylindrische Form und einen Durchmesser von 10,5 bis 11,5 cm. Er wiegt mindestens 250 g und enth\u00e4lt mindestens 115 g Trockenextrakt und 45% Fett.<\/p>\n<p>Die feine weisse Edelpilzrinde (P\u00e9nicillium candidum) kann je nach Reifezeit von einer roten Pigmentierung(Brevibacterium linens) durchzogen sein.<\/p>\n<p>Die Masse ist glatt und geschmeidig, elfenbeinfarben bis hell gelb wenn sie reif ist. Bei halber Reife bleibt in der Mitte ein wei\u00dfer Kern von 2 bis 3 mm. 35 Tage sind die perfekte Reifezeit.<\/p>\n<p>Der Camembert aus der Normandie muss in einer kleinen Holzschachtel verkauft werden.<\/p>\n<h2>Herstellung<\/h2>\n<p>Die Milchzubereitung<br \/>\nUm einen Camembert aus der Normandie herzustellen ben\u00f6tigt man ungef\u00e4hr 2,2 Liter Milch. Um einen Fettgehalt von ca. 28 g pro Liter Milch und das erforderliche Minimum von 45% Fett im Trockenextrakt zu erreichen, wird ein Teil der Milch entrahmt und dann der restlichen Vollmilch hinzugef\u00fcgt.<\/p>\n<p>Nach Zugabe von Milchs\u00e4urebakterien, die die Ans\u00e4uerung f\u00f6rdern, und Calciumchlorid, das die Gerinnung des K\u00e4sebruchs\u00a0 unterst\u00fctzt, &#8222;reift&#8220; die Milch mehrere Stunden lang bei etwa 12 \u00b0 C.<\/p>\n<p>Schlie\u00dflich wird sie auf etwa 34 \u00b0 C erw\u00e4rmt und dann mit fl\u00fcssigem Lab in einem Labraum koaguliert, dessen Temperatur zwischen 28 und 30 \u00b0 C variiert.<\/p>\n<h2>Geschichte<\/h2>\n<p>Der Camembert aus der Normandie verdankt seinen Namen dem Dorf Camembert, das ungef\u00e4hr 30 km s\u00fcdlich von Lisieux liegt, im D\u00e9partement Orne (61).<\/p>\n<p>Thomas Corneille schreibt in seinem Buch \u00ab Dictionnaire universel g\u00e9ographique et historique \u00bb aus dem Jahre 1708 , das im Dorf Vimoutiers jeden Montag ein gro\u00dfer Markt stattfindet wo die guten K\u00e4se aus der Region Camembert verkauft werden. Zu dieser Zeit wurden in der Normandie (Pays d&#8217;Auge) neben dem Camembert noch viele andere K\u00e4sesorten hergestellt und verkauft.<\/p>\n<p>Man erz\u00e4hlt,\u00a0 dass der Camembert im Jahre 1791 in Vimoutiers\u00a0 aus der Zusammenarbeit zwischen dem rebellischen Abt Bonvoust und Marie Harel entstand, die ihn w\u00e4hrend der Revolution auf ihrem Bauernhof versteckte. Ihre Nachkommen, Mitglieder der Familie Paynel entwickeln ab der ersten H\u00e4lfte des XIX. Jahrhunderts einen neuen K\u00e4se.<\/p>\n<p><img loading=\"lazy\" class=\"size-full wp-image-2413 alignright\" src=\"https:\/\/www.fetedufromage.be\/wp-content\/uploads\/2019\/07\/confrerie-normandie.png\" alt=\"Confr\u00e9rie du v\u00e9ritable Camembert de Normandie\" width=\"300\" height=\"300\" srcset=\"https:\/\/www.fetedufromage.be\/wp-content\/uploads\/2019\/07\/confrerie-normandie.png 300w, https:\/\/www.fetedufromage.be\/wp-content\/uploads\/2019\/07\/confrerie-normandie-150x150.png 150w\" sizes=\"(max-width: 300px) 100vw, 300px\" \/>Die Produktion und Vermarktung der K\u00e4se aus der Region Pays d&#8217;Auge nehmen dank verbessertem Material und Kommunikationsmittel erheblich zu.<br \/>\nDie Herstellung dehnt sich dann auf die gesamte Region Pays d&#8216; Auge aus, wo sich eine gro\u00dfe Anzahl kleiner K\u00e4sereien niedergelassen haben.<\/p>\n<p>Am 20. M\u00e4rz 1909 wird in Lisieux die Union der Hersteller des echten Camembert aus der Normandie (SVCN) gegr\u00fcndet. Die SVCN wird die notwendigen Schritte unternehmen, um die kontrollierte Herkunftsbezeichnung zu erhalten.<\/p>\n<p>Aber der\u00a0 &#8222;Camembert der Normandie&#8220; wird erst 1983mit dem AOC-Label ausgezeichnet wird, der die Herkunft und die Tradition garantiert. den Respekt vor dem Boden und der Tradition garantiert.<\/p>\n<p>&nbsp;<\/p>","protected":false},"excerpt":{"rendered":"<p>Vorstellung Der Camembert aus der Normandie ist ein franz\u00f6sischer K\u00e4se der seit 1983 das Label AOC tr\u00e4gt (franz\u00f6sisch f\u00fcr kontrollierte Herkunftsbezeichnung). Der Camembert aus der Normandie ist ein Weichk\u00e4se mit wei\u00dfer Edelschimmelrinde. Er wird aus Rohmilch von K\u00fchen der Normandie hergestellt, die mahr als 6 Monate im Jahr auf der\u2026<\/p>\n<p> <a class=\"continue-reading-link\" href=\"https:\/\/www.fetedufromage.be\/de\/le-camembert-de-normandie-hote-dhonneur-2019\/\"><span>Weiterlesen<\/span><i class=\"crycon-right-dir\"><\/i><\/a> <\/p>\n","protected":false},"author":1,"featured_media":0,"parent":0,"menu_order":0,"comment_status":"closed","ping_status":"closed","template":"","meta":{"ngg_post_thumbnail":0},"yoast_head":"<!-- This site is optimized with the Yoast SEO plugin v14.3 - https:\/\/yoast.com\/wordpress\/plugins\/seo\/ -->\n<title>Der Camembert aus der Normandie: Ehrengast 2019 - K\u00e4sefest<\/title>\n<meta name=\"robots\" content=\"index, follow\" \/>\n<meta name=\"googlebot\" content=\"index, follow, max-snippet:-1, max-image-preview:large, max-video-preview:-1\" \/>\n<meta name=\"bingbot\" content=\"index, follow, max-snippet:-1, max-image-preview:large, max-video-preview:-1\" \/>\n<link rel=\"canonical\" href=\"https:\/\/www.fetedufromage.be\/le-camembert-de-normandie-hote-dhonneur-2019\/\" \/>\n<meta property=\"og:locale\" content=\"de_DE\" \/>\n<meta property=\"og:type\" content=\"article\" \/>\n<meta property=\"og:title\" content=\"Der Camembert aus der Normandie: Ehrengast 2019 - K\u00e4sefest\" \/>\n<meta property=\"og:description\" content=\"Vorstellung Der Camembert aus der Normandie ist ein franz\u00f6sischer K\u00e4se der seit 1983 das Label AOC tr\u00e4gt (franz\u00f6sisch f\u00fcr kontrollierte Herkunftsbezeichnung). Der Camembert aus der Normandie ist ein Weichk\u00e4se mit wei\u00dfer Edelschimmelrinde. Er wird aus Rohmilch von K\u00fchen der Normandie hergestellt, die mahr als 6 Monate im Jahr auf der\u2026 Weiterlesen\" \/>\n<meta property=\"og:url\" content=\"https:\/\/www.fetedufromage.be\/le-camembert-de-normandie-hote-dhonneur-2019\/\" \/>\n<meta property=\"og:site_name\" content=\"K\u00e4sefest\" \/>\n<meta property=\"article:modified_time\" content=\"2019-08-04T13:59:50+00:00\" \/>\n<meta property=\"og:image\" content=\"https:\/\/www.fetedufromage.be\/wp-content\/uploads\/2019\/07\/camembert-300px.jpg\" \/>\n<meta name=\"twitter:card\" content=\"summary\" \/>\n<script type=\"application\/ld+json\" class=\"yoast-schema-graph\">{\"@context\":\"https:\/\/schema.org\",\"@graph\":[{\"@type\":\"WebSite\",\"@id\":\"https:\/\/www.fetedufromage.be\/de\/#website\",\"url\":\"https:\/\/www.fetedufromage.be\/de\/\",\"name\":\"K\\u00e4sefest\",\"description\":\"\",\"potentialAction\":[{\"@type\":\"SearchAction\",\"target\":\"https:\/\/www.fetedufromage.be\/de\/?s={search_term_string}\",\"query-input\":\"required name=search_term_string\"}],\"inLanguage\":\"de\"},{\"@type\":\"ImageObject\",\"@id\":\"https:\/\/www.fetedufromage.be\/le-camembert-de-normandie-hote-dhonneur-2019\/#primaryimage\",\"inLanguage\":\"de\",\"url\":\"https:\/\/www.fetedufromage.be\/wp-content\/uploads\/2019\/07\/camembert-300px.jpg\",\"width\":300,\"height\":300,\"caption\":\"Camembert\"},{\"@type\":\"WebPage\",\"@id\":\"https:\/\/www.fetedufromage.be\/le-camembert-de-normandie-hote-dhonneur-2019\/#webpage\",\"url\":\"https:\/\/www.fetedufromage.be\/le-camembert-de-normandie-hote-dhonneur-2019\/\",\"name\":\"Der Camembert aus der Normandie: Ehrengast 2019 - K\\u00e4sefest\",\"isPartOf\":{\"@id\":\"https:\/\/www.fetedufromage.be\/de\/#website\"},\"primaryImageOfPage\":{\"@id\":\"https:\/\/www.fetedufromage.be\/le-camembert-de-normandie-hote-dhonneur-2019\/#primaryimage\"},\"datePublished\":\"2019-07-30T13:08:25+00:00\",\"dateModified\":\"2019-08-04T13:59:50+00:00\",\"inLanguage\":\"de\",\"potentialAction\":[{\"@type\":\"ReadAction\",\"target\":[\"https:\/\/www.fetedufromage.be\/le-camembert-de-normandie-hote-dhonneur-2019\/\"]}]}]}<\/script>\n<!-- \/ Yoast SEO plugin. -->","_links":{"self":[{"href":"https:\/\/www.fetedufromage.be\/de\/wp-json\/wp\/v2\/pages\/2410"}],"collection":[{"href":"https:\/\/www.fetedufromage.be\/de\/wp-json\/wp\/v2\/pages"}],"about":[{"href":"https:\/\/www.fetedufromage.be\/de\/wp-json\/wp\/v2\/types\/page"}],"author":[{"embeddable":true,"href":"https:\/\/www.fetedufromage.be\/de\/wp-json\/wp\/v2\/users\/1"}],"replies":[{"embeddable":true,"href":"https:\/\/www.fetedufromage.be\/de\/wp-json\/wp\/v2\/comments?post=2410"}],"version-history":[{"count":6,"href":"https:\/\/www.fetedufromage.be\/de\/wp-json\/wp\/v2\/pages\/2410\/revisions"}],"predecessor-version":[{"id":2428,"href":"https:\/\/www.fetedufromage.be\/de\/wp-json\/wp\/v2\/pages\/2410\/revisions\/2428"}],"wp:attachment":[{"href":"https:\/\/www.fetedufromage.be\/de\/wp-json\/wp\/v2\/media?parent=2410"}],"curies":[{"name":"wp","href":"https:\/\/api.w.org\/{rel}","templated":true}]}}