{"id":2177,"date":"2018-07-11T15:45:44","date_gmt":"2018-07-11T14:45:44","guid":{"rendered":"https:\/\/www.fetedufromage.be\/?page_id=2177"},"modified":"2018-07-11T15:45:44","modified_gmt":"2018-07-11T14:45:44","slug":"commanderie-des-costes-du-rhones-baronnie-de-liege","status":"publish","type":"page","link":"https:\/\/www.fetedufromage.be\/de\/commanderie-des-costes-du-rhones-baronnie-de-liege\/","title":{"rendered":"(Fran\u00e7ais) Commanderie des Costes du Rh\u00f4nes (Baronnie de Li\u00e8ge)"},"content":{"rendered":"<p class=\"qtranxs-available-languages-message qtranxs-available-languages-message-de\">Leider ist der Eintrag nur auf <a href=\"https:\/\/www.fetedufromage.be\/fr\/wp-json\/wp\/v2\/pages\/2177\" class=\"qtranxs-available-language-link qtranxs-available-language-link-fr\" title=\"Fran\u00e7ais\">Franz\u00f6sisch<\/a> verf\u00fcgbar.<\/p>","protected":false},"excerpt":{"rendered":"<p>Leider ist der Eintrag nur auf Franz\u00f6sisch verf\u00fcgbar.<\/p>\n<p> <a class=\"continue-reading-link\" href=\"https:\/\/www.fetedufromage.be\/de\/commanderie-des-costes-du-rhones-baronnie-de-liege\/\"><span>Weiterlesen<\/span><i class=\"crycon-right-dir\"><\/i><\/a> <\/p>\n","protected":false},"author":1,"featured_media":0,"parent":0,"menu_order":0,"comment_status":"closed","ping_status":"closed","template":"","meta":{"ngg_post_thumbnail":0},"yoast_head":"<!-- This site is optimized with the Yoast SEO plugin v14.3 - https:\/\/yoast.com\/wordpress\/plugins\/seo\/ -->\n<title>(Fran\u00e7ais) Commanderie des Costes du Rh\u00f4nes (Baronnie de Li\u00e8ge) - K\u00e4sefest<\/title>\n<meta name=\"robots\" content=\"index, follow\" \/>\n<meta name=\"googlebot\" content=\"index, follow, max-snippet:-1, max-image-preview:large, max-video-preview:-1\" \/>\n<meta name=\"bingbot\" content=\"index, follow, max-snippet:-1, max-image-preview:large, max-video-preview:-1\" \/>\n<link rel=\"canonical\" href=\"https:\/\/www.fetedufromage.be\/commanderie-des-costes-du-rhones-baronnie-de-liege\/\" \/>\n<meta property=\"og:locale\" content=\"de_DE\" \/>\n<meta property=\"og:type\" content=\"article\" \/>\n<meta property=\"og:title\" content=\"(Fran\u00e7ais) Commanderie des Costes du Rh\u00f4nes (Baronnie de Li\u00e8ge) - K\u00e4sefest\" \/>\n<meta property=\"og:description\" content=\"Leider ist der Eintrag nur auf Franz\u00f6sisch verf\u00fcgbar. Weiterlesen\" \/>\n<meta property=\"og:url\" content=\"https:\/\/www.fetedufromage.be\/commanderie-des-costes-du-rhones-baronnie-de-liege\/\" \/>\n<meta property=\"og:site_name\" content=\"K\u00e4sefest\" \/>\n<meta property=\"og:image\" content=\"https:\/\/www.fetedufromage.be\/wp-content\/uploads\/2018\/07\/liege-16.06-.jpg\" \/>\n<meta name=\"twitter:card\" content=\"summary\" \/>\n<script type=\"application\/ld+json\" class=\"yoast-schema-graph\">{\"@context\":\"https:\/\/schema.org\",\"@graph\":[{\"@type\":\"WebSite\",\"@id\":\"https:\/\/www.fetedufromage.be\/de\/#website\",\"url\":\"https:\/\/www.fetedufromage.be\/de\/\",\"name\":\"K\\u00e4sefest\",\"description\":\"\",\"potentialAction\":[{\"@type\":\"SearchAction\",\"target\":\"https:\/\/www.fetedufromage.be\/de\/?s={search_term_string}\",\"query-input\":\"required name=search_term_string\"}],\"inLanguage\":\"de\"},{\"@type\":\"ImageObject\",\"@id\":\"https:\/\/www.fetedufromage.be\/commanderie-des-costes-du-rhones-baronnie-de-liege\/#primaryimage\",\"inLanguage\":\"de\",\"url\":\"https:\/\/www.fetedufromage.be\/wp-content\/uploads\/2018\/07\/liege-16.06-.jpg\",\"width\":960,\"height\":640},{\"@type\":\"WebPage\",\"@id\":\"https:\/\/www.fetedufromage.be\/commanderie-des-costes-du-rhones-baronnie-de-liege\/#webpage\",\"url\":\"https:\/\/www.fetedufromage.be\/commanderie-des-costes-du-rhones-baronnie-de-liege\/\",\"name\":\"(Fran\\u00e7ais) Commanderie des Costes du Rh\\u00f4nes (Baronnie de Li\\u00e8ge) - K\\u00e4sefest\",\"isPartOf\":{\"@id\":\"https:\/\/www.fetedufromage.be\/de\/#website\"},\"primaryImageOfPage\":{\"@id\":\"https:\/\/www.fetedufromage.be\/commanderie-des-costes-du-rhones-baronnie-de-liege\/#primaryimage\"},\"datePublished\":\"2018-07-11T14:45:44+00:00\",\"dateModified\":\"2018-07-11T14:45:44+00:00\",\"inLanguage\":\"de\",\"potentialAction\":[{\"@type\":\"ReadAction\",\"target\":[\"https:\/\/www.fetedufromage.be\/commanderie-des-costes-du-rhones-baronnie-de-liege\/\"]}]}]}<\/script>\n<!-- \/ Yoast SEO plugin. -->","_links":{"self":[{"href":"https:\/\/www.fetedufromage.be\/de\/wp-json\/wp\/v2\/pages\/2177"}],"collection":[{"href":"https:\/\/www.fetedufromage.be\/de\/wp-json\/wp\/v2\/pages"}],"about":[{"href":"https:\/\/www.fetedufromage.be\/de\/wp-json\/wp\/v2\/types\/page"}],"author":[{"embeddable":true,"href":"https:\/\/www.fetedufromage.be\/de\/wp-json\/wp\/v2\/users\/1"}],"replies":[{"embeddable":true,"href":"https:\/\/www.fetedufromage.be\/de\/wp-json\/wp\/v2\/comments?post=2177"}],"version-history":[{"count":1,"href":"https:\/\/www.fetedufromage.be\/de\/wp-json\/wp\/v2\/pages\/2177\/revisions"}],"predecessor-version":[{"id":2179,"href":"https:\/\/www.fetedufromage.be\/de\/wp-json\/wp\/v2\/pages\/2177\/revisions\/2179"}],"wp:attachment":[{"href":"https:\/\/www.fetedufromage.be\/de\/wp-json\/wp\/v2\/media?parent=2177"}],"curies":[{"name":"wp","href":"https:\/\/api.w.org\/{rel}","templated":true}]}}